{"id":2338,"date":"2025-01-14T14:42:51","date_gmt":"2025-01-14T13:42:51","guid":{"rendered":"https:\/\/aportaoberta.com\/?page_id=2338"},"modified":"2026-02-23T08:18:21","modified_gmt":"2026-02-23T07:18:21","slug":"portes-obertes","status":"publish","type":"page","link":"https:\/\/aportaoberta.com\/es\/portes-obertes\/","title":{"rendered":"Puertas abiertas"},"content":{"rendered":"\t\t<div data-elementor-type=\"wp-page\" data-elementor-id=\"2338\" class=\"elementor elementor-2338\" data-elementor-post-type=\"page\">\n\t\t\t\t<div class=\"elementor-element elementor-element-b674281 e-con-full e-flex e-con e-parent\" data-id=\"b674281\" data-element_type=\"container\" data-e-type=\"container\" data-settings=\"{&quot;background_background&quot;:&quot;classic&quot;}\">\n\t\t\t\t<div class=\"elementor-element elementor-element-5893fb3 elementor-widget elementor-widget-heading\" data-id=\"5893fb3\" data-element_type=\"widget\" data-e-type=\"widget\" data-widget_type=\"heading.default\">\n\t\t\t\t<div class=\"elementor-widget-container\">\n\t\t\t\t\t<h1 class=\"elementor-heading-title elementor-size-default\">Portes obertes de l\u2019escola 2026\/27<\/h1>\t\t\t\t<\/div>\n\t\t\t\t<\/div>\n\t\t\t\t<\/div>\n\t\t<div class=\"elementor-element elementor-element-0c1de79 e-flex e-con-boxed e-con e-parent\" data-id=\"0c1de79\" data-element_type=\"container\" data-e-type=\"container\" data-settings=\"{&quot;background_background&quot;:&quot;classic&quot;}\">\n\t\t\t\t\t<div class=\"e-con-inner\">\n\t\t<div class=\"elementor-element elementor-element-7e8a6fc e-con-full e-flex e-con e-child\" data-id=\"7e8a6fc\" data-element_type=\"container\" data-e-type=\"container\">\n\t\t\t\t<div class=\"elementor-element elementor-element-5e34e05 elementor-widget elementor-widget-heading\" data-id=\"5e34e05\" data-element_type=\"widget\" data-e-type=\"widget\" data-widget_type=\"heading.default\">\n\t\t\t\t<div class=\"elementor-widget-container\">\n\t\t\t\t\t<h2 class=\"elementor-heading-title elementor-size-default\">Descobreix la Nostra Escola a les Portes Obertes!\n<\/h2>\t\t\t\t<\/div>\n\t\t\t\t<\/div>\n\t\t<div class=\"elementor-element elementor-element-e782da2 e-grid e-con-full e-con e-child\" data-id=\"e782da2\" data-element_type=\"container\" data-e-type=\"container\">\n\t\t\t\t<div class=\"elementor-element elementor-element-d0f3bde elementor-widget elementor-widget-text-editor\" data-id=\"d0f3bde\" data-element_type=\"widget\" data-e-type=\"widget\" data-widget_type=\"text-editor.default\">\n\t\t\t\t<div class=\"elementor-widget-container\">\n\t\t\t\t\t\t\t\t\t<p>Vols con\u00e8ixer de prop la nostra Formaci\u00f3 Superior en Art Dram\u00e0tic i descobrir tot el que t\u2019oferim? Apunta\u2019t a les nostres Portes Obertes i vine a viure una experi\u00e8ncia \u00fanica!<\/p><p>Durant les Portes Obertes podr\u00e0s:<\/p><ul><li>Con\u00e8ixer el pla formatiu dels 3 anys, amb tots els detalls sobre el nostre enfocament pedag\u00f2gic.<\/li><li>Visitar les instal\u00b7lacions de l\u2019escola i descobrir els espais on viur\u00e0s la teva experi\u00e8ncia art\u00edstica.<\/li><li>Participar en una masterclass exclusiva impartida pels nostres professionals.<\/li><li>Gaudir d\u2019un pica-pica mentre resols tots els teus dubtes amb el nostre equip i alumnes.<\/li><\/ul><p><strong>Dates i Horaris:<\/strong><\/p><ul><li class=\"ql-block\" data-block-id=\"block-c8845ae8-235b-4942-884d-25f1b33e34a4\"><strong>Dissabte 11 abril d\u201911h a 13h<\/strong><\/li><li class=\"ql-block\" data-block-id=\"block-ed646c98-7b41-4111-98e3-2e51dc190246\"><strong>Dissabte 9 de maig d\u201911h a 13h<\/strong><\/li><li class=\"ql-block\" data-block-id=\"block-43e0a53e-4b36-40fe-a14e-75faf2d5ed3b\"><strong>Dissabte 6 de juny d\u201911h a 13h<\/strong><\/li><\/ul><p>No perdis aquesta oportunitat de submergir-te en l\u2019univers del teatre i comen\u00e7ar el teu cam\u00ed cap a una carrera professional.<\/p>\t\t\t\t\t\t\t\t<\/div>\n\t\t\t\t<\/div>\n\t\t\t\t<div class=\"elementor-element elementor-element-ab0d7ef elementor-widget elementor-widget-image\" data-id=\"ab0d7ef\" data-element_type=\"widget\" data-e-type=\"widget\" data-widget_type=\"image.default\">\n\t\t\t\t<div class=\"elementor-widget-container\">\n\t\t\t\t\t\t\t\t\t\t\t\t\t\t\t<img fetchpriority=\"high\" decoding=\"async\" width=\"1024\" height=\"1024\" src=\"https:\/\/aportaoberta.com\/wp-content\/uploads\/2025\/01\/AAFF_A-porta-oberta_lones-fira_Mesa-de-trabajo-1-copia-1024x1024.jpg\" class=\"attachment-large size-large wp-image-2347\" alt=\"\" srcset=\"https:\/\/aportaoberta.com\/wp-content\/uploads\/2025\/01\/AAFF_A-porta-oberta_lones-fira_Mesa-de-trabajo-1-copia-1024x1024.jpg 1024w, https:\/\/aportaoberta.com\/wp-content\/uploads\/2025\/01\/AAFF_A-porta-oberta_lones-fira_Mesa-de-trabajo-1-copia-300x300.jpg 300w, https:\/\/aportaoberta.com\/wp-content\/uploads\/2025\/01\/AAFF_A-porta-oberta_lones-fira_Mesa-de-trabajo-1-copia-150x150.jpg 150w, https:\/\/aportaoberta.com\/wp-content\/uploads\/2025\/01\/AAFF_A-porta-oberta_lones-fira_Mesa-de-trabajo-1-copia-768x768.jpg 768w, https:\/\/aportaoberta.com\/wp-content\/uploads\/2025\/01\/AAFF_A-porta-oberta_lones-fira_Mesa-de-trabajo-1-copia-1536x1536.jpg 1536w, https:\/\/aportaoberta.com\/wp-content\/uploads\/2025\/01\/AAFF_A-porta-oberta_lones-fira_Mesa-de-trabajo-1-copia-2048x2048.jpg 2048w, https:\/\/aportaoberta.com\/wp-content\/uploads\/2025\/01\/AAFF_A-porta-oberta_lones-fira_Mesa-de-trabajo-1-copia-12x12.jpg 12w\" sizes=\"(max-width: 1024px) 100vw, 1024px\" \/>\t\t\t\t\t\t\t\t\t\t\t\t\t\t\t<\/div>\n\t\t\t\t<\/div>\n\t\t\t\t<\/div>\n\t\t\t\t<\/div>\n\t\t\t\t\t<\/div>\n\t\t\t\t<\/div>\n\t\t<div class=\"elementor-element elementor-element-f839621 e-flex e-con-boxed e-con e-parent\" data-id=\"f839621\" data-element_type=\"container\" data-e-type=\"container\">\n\t\t\t\t\t<div class=\"e-con-inner\">\n\t\t<div class=\"elementor-element elementor-element-5f65f56 e-con-full e-flex e-con e-child\" data-id=\"5f65f56\" data-element_type=\"container\" data-e-type=\"container\">\n\t\t<div class=\"elementor-element elementor-element-b6c9a7f e-con-full e-flex e-con e-child\" data-id=\"b6c9a7f\" data-element_type=\"container\" data-e-type=\"container\">\n\t\t<div class=\"elementor-element elementor-element-85a2166 e-con-full e-flex e-con e-child\" data-id=\"85a2166\" data-element_type=\"container\" data-e-type=\"container\">\n\t\t\t\t<div class=\"elementor-element elementor-element-f5d62a5 elementor-widget elementor-widget-image\" data-id=\"f5d62a5\" data-element_type=\"widget\" data-e-type=\"widget\" data-widget_type=\"image.default\">\n\t\t\t\t<div class=\"elementor-widget-container\">\n\t\t\t\t\t\t\t\t\t\t\t\t\t\t\t<img decoding=\"async\" width=\"1024\" height=\"1024\" data-src=\"https:\/\/aportaoberta.com\/wp-content\/uploads\/2025\/01\/AAFF_A-porta-oberta_lones-fira_Mesa-de-trabajo-1-1024x1024.jpg\" class=\"attachment-large size-large wp-image-2358 lazyload\" alt=\"\" data-srcset=\"https:\/\/aportaoberta.com\/wp-content\/uploads\/2025\/01\/AAFF_A-porta-oberta_lones-fira_Mesa-de-trabajo-1-1024x1024.jpg 1024w, https:\/\/aportaoberta.com\/wp-content\/uploads\/2025\/01\/AAFF_A-porta-oberta_lones-fira_Mesa-de-trabajo-1-300x300.jpg 300w, https:\/\/aportaoberta.com\/wp-content\/uploads\/2025\/01\/AAFF_A-porta-oberta_lones-fira_Mesa-de-trabajo-1-150x150.jpg 150w, https:\/\/aportaoberta.com\/wp-content\/uploads\/2025\/01\/AAFF_A-porta-oberta_lones-fira_Mesa-de-trabajo-1-768x768.jpg 768w, https:\/\/aportaoberta.com\/wp-content\/uploads\/2025\/01\/AAFF_A-porta-oberta_lones-fira_Mesa-de-trabajo-1-1536x1536.jpg 1536w, https:\/\/aportaoberta.com\/wp-content\/uploads\/2025\/01\/AAFF_A-porta-oberta_lones-fira_Mesa-de-trabajo-1-2048x2048.jpg 2048w, https:\/\/aportaoberta.com\/wp-content\/uploads\/2025\/01\/AAFF_A-porta-oberta_lones-fira_Mesa-de-trabajo-1-12x12.jpg 12w\" data-sizes=\"(max-width: 1024px) 100vw, 1024px\" src=\"data:image\/svg+xml;base64,PHN2ZyB3aWR0aD0iMSIgaGVpZ2h0PSIxIiB4bWxucz0iaHR0cDovL3d3dy53My5vcmcvMjAwMC9zdmciPjwvc3ZnPg==\" style=\"--smush-placeholder-width: 1024px; --smush-placeholder-aspect-ratio: 1024\/1024;\" \/>\t\t\t\t\t\t\t\t\t\t\t\t\t\t\t<\/div>\n\t\t\t\t<\/div>\n\t\t\t\t<\/div>\n\t\t<div class=\"elementor-element elementor-element-bf83226 e-con-full e-flex e-con e-child\" data-id=\"bf83226\" data-element_type=\"container\" data-e-type=\"container\">\n\t\t\t\t<div class=\"elementor-element elementor-element-e24d217 elementor-widget elementor-widget-heading\" data-id=\"e24d217\" data-element_type=\"widget\" data-e-type=\"widget\" data-widget_type=\"heading.default\">\n\t\t\t\t<div class=\"elementor-widget-container\">\n\t\t\t\t\t<h3 class=\"elementor-heading-title elementor-size-default\">Apunta\u2019t ara!\n<\/h3>\t\t\t\t<\/div>\n\t\t\t\t<\/div>\n\t\t\t\t<div class=\"elementor-element elementor-element-54e1f64 elementor-widget elementor-widget-text-editor\" data-id=\"54e1f64\" data-element_type=\"widget\" data-e-type=\"widget\" data-widget_type=\"text-editor.default\">\n\t\t\t\t<div class=\"elementor-widget-container\">\n\t\t\t\t\t\t\t\t\t<p>Omple el seg\u00fcent formulari i ens posarem en contacte amb tu per confirmar la teva assist\u00e8ncia i donar-te tots els detalls.<\/p>\t\t\t\t\t\t\t\t<\/div>\n\t\t\t\t<\/div>\n\t\t\t\t<div class=\"elementor-element elementor-element-46bffc7 elementor-button-align-end elementor-widget elementor-widget-form\" data-id=\"46bffc7\" data-element_type=\"widget\" data-e-type=\"widget\" data-settings=\"{&quot;step_next_label&quot;:&quot;Next&quot;,&quot;step_previous_label&quot;:&quot;Previous&quot;,&quot;button_width&quot;:&quot;100&quot;,&quot;step_type&quot;:&quot;number_text&quot;,&quot;step_icon_shape&quot;:&quot;circle&quot;}\" data-widget_type=\"form.default\">\n\t\t\t\t<div class=\"elementor-widget-container\">\n\t\t\t\t\t\t\t<form class=\"elementor-form\" method=\"post\" name=\"Formulari contacte\" aria-label=\"Formulari contacte\">\n\t\t\t<input type=\"hidden\" name=\"post_id\" value=\"2338\"\/>\n\t\t\t<input type=\"hidden\" name=\"form_id\" value=\"46bffc7\"\/>\n\t\t\t<input type=\"hidden\" name=\"referer_title\" value=\"Portes obertes - A Porta Oberta\" \/>\n\n\t\t\t\t\t\t\t<input type=\"hidden\" name=\"queried_id\" value=\"2338\"\/>\n\t\t\t\n\t\t\t<div class=\"elementor-form-fields-wrapper elementor-labels-\">\n\t\t\t\t\t\t\t\t<div class=\"elementor-field-type-text elementor-field-group elementor-column elementor-field-group-name elementor-col-100\">\n\t\t\t\t\t\t\t\t\t\t\t\t<label for=\"form-field-name\" class=\"elementor-field-label elementor-screen-only\">\n\t\t\t\t\t\t\t\tNom\t\t\t\t\t\t\t<\/label>\n\t\t\t\t\t\t\t\t\t\t\t\t\t\t<input size=\"1\" type=\"text\" name=\"form_fields[name]\" id=\"form-field-name\" class=\"elementor-field elementor-size-sm  elementor-field-textual\" placeholder=\"Nom\">\n\t\t\t\t\t\t\t\t\t\t\t<\/div>\n\t\t\t\t\t\t\t\t<div class=\"elementor-field-type-tel elementor-field-group elementor-column elementor-field-group-field_f90a300 elementor-col-100 elementor-field-required\">\n\t\t\t\t\t\t\t\t\t\t\t\t<label for=\"form-field-field_f90a300\" class=\"elementor-field-label elementor-screen-only\">\n\t\t\t\t\t\t\t\tTel\u00e8fon\t\t\t\t\t\t\t<\/label>\n\t\t\t\t\t\t\t\t<input size=\"1\" type=\"tel\" name=\"form_fields[field_f90a300]\" id=\"form-field-field_f90a300\" class=\"elementor-field elementor-size-sm  elementor-field-textual\" placeholder=\"Tel\u00e8fon\" required=\"required\" pattern=\"[0-9()#&amp;+*-=.]+\" title=\"Solo se aceptan n\u00fameros y caracteres de tel\u00e9fono (#,-,*,etc).\">\n\n\t\t\t\t\t\t<\/div>\n\t\t\t\t\t\t\t\t<div class=\"elementor-field-type-email elementor-field-group elementor-column elementor-field-group-email elementor-col-100 elementor-field-required\">\n\t\t\t\t\t\t\t\t\t\t\t\t<label for=\"form-field-email\" class=\"elementor-field-label elementor-screen-only\">\n\t\t\t\t\t\t\t\tCorreu electr\u00f2nic\t\t\t\t\t\t\t<\/label>\n\t\t\t\t\t\t\t\t\t\t\t\t\t\t<input size=\"1\" type=\"email\" name=\"form_fields[email]\" id=\"form-field-email\" class=\"elementor-field elementor-size-sm  elementor-field-textual\" placeholder=\"Correu electr\u00f2nic\" required=\"required\">\n\t\t\t\t\t\t\t\t\t\t\t<\/div>\n\t\t\t\t\t\t\t\t<div class=\"elementor-field-type-select elementor-field-group elementor-column elementor-field-group-dia elementor-col-100 elementor-field-required\">\n\t\t\t\t\t\t\t\t\t\t\t\t<label for=\"form-field-dia\" class=\"elementor-field-label elementor-screen-only\">\n\t\t\t\t\t\t\t\tDia\t\t\t\t\t\t\t<\/label>\n\t\t\t\t\t\t\t\t<div class=\"elementor-field elementor-select-wrapper remove-before \">\n\t\t\t<div class=\"select-caret-down-wrapper\">\n\t\t\t\t<svg aria-hidden=\"true\" class=\"e-font-icon-svg e-eicon-caret-down\" viewBox=\"0 0 571.4 571.4\" xmlns=\"http:\/\/www.w3.org\/2000\/svg\"><path d=\"M571 393Q571 407 561 418L311 668Q300 679 286 679T261 668L11 418Q0 407 0 393T11 368 36 357H536Q550 357 561 368T571 393Z\"><\/path><\/svg>\t\t\t<\/div>\n\t\t\t<select name=\"form_fields[dia]\" id=\"form-field-dia\" class=\"elementor-field-textual elementor-size-sm\" required=\"required\">\n\t\t\t\t\t\t\t\t\t<option value=\"Dissabte 11 d&#039;abril\">Dissabte 11 d&#039;abril<\/option>\n\t\t\t\t\t\t\t\t\t<option value=\"Dissabte 9 de maig\">Dissabte 9 de maig<\/option>\n\t\t\t\t\t\t\t\t\t<option value=\"Diumenge 6 de juny\">Diumenge 6 de juny<\/option>\n\t\t\t\t\t\t\t<\/select>\n\t\t<\/div>\n\t\t\t\t\t\t<\/div>\n\t\t\t\t\t\t\t\t<div class=\"elementor-field-type-textarea elementor-field-group elementor-column elementor-field-group-message elementor-col-100\">\n\t\t\t\t\t\t\t\t\t\t\t\t<label for=\"form-field-message\" class=\"elementor-field-label elementor-screen-only\">\n\t\t\t\t\t\t\t\tMissatge \t\t\t\t\t\t\t<\/label>\n\t\t\t\t\t\t<textarea class=\"elementor-field-textual elementor-field  elementor-size-sm\" name=\"form_fields[message]\" id=\"form-field-message\" rows=\"2\" placeholder=\"Missatge \"><\/textarea>\t\t\t\t<\/div>\n\t\t\t\t\t\t\t\t<div class=\"elementor-field-type-acceptance elementor-field-group elementor-column elementor-field-group-field_5ff961e elementor-col-100\">\n\t\t\t\t\t\t\t<div class=\"elementor-field-subgroup\">\n\t\t\t<span class=\"elementor-field-option\">\n\t\t\t\t<input type=\"checkbox\" name=\"form_fields[field_5ff961e]\" id=\"form-field-field_5ff961e\" class=\"elementor-field elementor-size-sm  elementor-acceptance-field\">\n\t\t\t\t<label for=\"form-field-field_5ff961e\">Accepto la <A HREF=\"https:\/\/aportaoberta.com\/politica-de-privacitat\/\"> Pol\u00edtica de privacitat <\/A><\/label>\t\t\t<\/span>\n\t\t<\/div>\n\t\t\t\t\t\t<\/div>\n\t\t\t\t\t\t\t\t<div class=\"elementor-field-type-recaptcha_v3 elementor-field-group elementor-column elementor-field-group-field_d0aefa8 elementor-col-100 recaptcha_v3-bottomright\">\n\t\t\t\t\t<div class=\"elementor-field\" id=\"form-field-field_d0aefa8\"><div class=\"elementor-g-recaptcha\" data-sitekey=\"6LcPN5AqAAAAAMWj6hXZe19fZQnvSsRmHoRJ3Jrk\" data-type=\"v3\" data-action=\"Form\" data-badge=\"bottomright\" data-size=\"invisible\"><\/div><\/div>\t\t\t\t<\/div>\n\t\t\t\t\t\t\t\t<div class=\"elementor-field-group elementor-column elementor-field-type-submit elementor-col-100 e-form__buttons\">\n\t\t\t\t\t<button class=\"elementor-button elementor-size-sm\" type=\"submit\">\n\t\t\t\t\t\t<span class=\"elementor-button-content-wrapper\">\n\t\t\t\t\t\t\t\t\t\t\t\t\t\t\t\t\t\t\t\t\t\t<span class=\"elementor-button-text\">Enviar<\/span>\n\t\t\t\t\t\t\t\t\t\t\t\t\t<\/span>\n\t\t\t\t\t<\/button>\n\t\t\t\t<\/div>\n\t\t\t<\/div>\n\t\t<\/form>\n\t\t\t\t\t\t<\/div>\n\t\t\t\t<\/div>\n\t\t\t\t<\/div>\n\t\t\t\t<\/div>\n\t\t\t\t<\/div>\n\t\t\t\t\t<\/div>\n\t\t\t\t<\/div>\n\t\t\t\t<\/div>\n\t\t","protected":false},"excerpt":{"rendered":"<p>Portes obertes de l\u2019escola 2026\/27 Descobreix la Nostra Escola a les Portes Obertes! Vols con\u00e8ixer de prop la nostra Formaci\u00f3 Superior en Art Dram\u00e0tic i descobrir tot el que t\u2019oferim? Apunta\u2019t a les nostres Portes Obertes i vine a viure una experi\u00e8ncia \u00fanica! Durant les Portes Obertes podr\u00e0s: Con\u00e8ixer el pla formatiu dels 3 anys, [&hellip;]<\/p>\n","protected":false},"author":1,"featured_media":0,"parent":0,"menu_order":0,"comment_status":"closed","ping_status":"closed","template":"","meta":{"site-sidebar-layout":"no-sidebar","site-content-layout":"page-builder","ast-site-content-layout":"full-width-container","site-content-style":"default","site-sidebar-style":"default","ast-global-header-display":"","ast-banner-title-visibility":"","ast-main-header-display":"","ast-hfb-above-header-display":"","ast-hfb-below-header-display":"","ast-hfb-mobile-header-display":"","site-post-title":"disabled","ast-breadcrumbs-content":"","ast-featured-img":"disabled","footer-sml-layout":"","ast-disable-related-posts":"","theme-transparent-header-meta":"","adv-header-id-meta":"","stick-header-meta":"","header-above-stick-meta":"","header-main-stick-meta":"","header-below-stick-meta":"","astra-migrate-meta-layouts":"set","ast-page-background-enabled":"default","ast-page-background-meta":{"desktop":{"background-color":"var(--ast-global-color-4)","background-image":"","background-repeat":"repeat","background-position":"center center","background-size":"auto","background-attachment":"scroll","background-type":"","background-media":"","overlay-type":"","overlay-color":"","overlay-opacity":"","overlay-gradient":""},"tablet":{"background-color":"","background-image":"","background-repeat":"repeat","background-position":"center center","background-size":"auto","background-attachment":"scroll","background-type":"","background-media":"","overlay-type":"","overlay-color":"","overlay-opacity":"","overlay-gradient":""},"mobile":{"background-color":"","background-image":"","background-repeat":"repeat","background-position":"center center","background-size":"auto","background-attachment":"scroll","background-type":"","background-media":"","overlay-type":"","overlay-color":"","overlay-opacity":"","overlay-gradient":""}},"ast-content-background-meta":{"desktop":{"background-color":"var(--ast-global-color-5)","background-image":"","background-repeat":"repeat","background-position":"center center","background-size":"auto","background-attachment":"scroll","background-type":"","background-media":"","overlay-type":"","overlay-color":"","overlay-opacity":"","overlay-gradient":""},"tablet":{"background-color":"var(--ast-global-color-5)","background-image":"","background-repeat":"repeat","background-position":"center center","background-size":"auto","background-attachment":"scroll","background-type":"","background-media":"","overlay-type":"","overlay-color":"","overlay-opacity":"","overlay-gradient":""},"mobile":{"background-color":"var(--ast-global-color-5)","background-image":"","background-repeat":"repeat","background-position":"center center","background-size":"auto","background-attachment":"scroll","background-type":"","background-media":"","overlay-type":"","overlay-color":"","overlay-opacity":"","overlay-gradient":""}},"footnotes":""},"class_list":["post-2338","page","type-page","status-publish","hentry"],"_links":{"self":[{"href":"https:\/\/aportaoberta.com\/es\/wp-json\/wp\/v2\/pages\/2338","targetHints":{"allow":["GET"]}}],"collection":[{"href":"https:\/\/aportaoberta.com\/es\/wp-json\/wp\/v2\/pages"}],"about":[{"href":"https:\/\/aportaoberta.com\/es\/wp-json\/wp\/v2\/types\/page"}],"author":[{"embeddable":true,"href":"https:\/\/aportaoberta.com\/es\/wp-json\/wp\/v2\/users\/1"}],"replies":[{"embeddable":true,"href":"https:\/\/aportaoberta.com\/es\/wp-json\/wp\/v2\/comments?post=2338"}],"version-history":[{"count":61,"href":"https:\/\/aportaoberta.com\/es\/wp-json\/wp\/v2\/pages\/2338\/revisions"}],"predecessor-version":[{"id":2670,"href":"https:\/\/aportaoberta.com\/es\/wp-json\/wp\/v2\/pages\/2338\/revisions\/2670"}],"wp:attachment":[{"href":"https:\/\/aportaoberta.com\/es\/wp-json\/wp\/v2\/media?parent=2338"}],"curies":[{"name":"wp","href":"https:\/\/api.w.org\/{rel}","templated":true}]}}